{"id":807,"date":"2015-10-05T19:11:58","date_gmt":"2015-10-05T19:11:58","guid":{"rendered":"http:\/\/ciri.uaic.ro\/?page_id=807"},"modified":"2015-10-05T19:11:58","modified_gmt":"2015-10-05T19:11:58","slug":"scholarships","status":"publish","type":"page","link":"http:\/\/ciri.uaic.ro\/en\/scholarships\/","title":{"rendered":"Scholarships"},"content":{"rendered":"<p>[et_pb_section][et_pb_row][et_pb_column type=&#8221;4_4&#8243;][et_pb_accordion admin_label=&#8221;Acordeon&#8221; use_border_color=&#8221;off&#8221; border_color=&#8221;#ffffff&#8221; border_style=&#8221;solid&#8221;][et_pb_accordion_item title=&#8221;Adrian Vi\u021balaru: Politic\u0103 \u0219i diploma\u021bie. Ministerul Afacerilor Str\u0103ine al Rom\u00e2niei \u00een perioada 1938\u20131948&#8243; \/][et_pb_accordion_item title=&#8221;Adrian-Bogdan Ceobanu: Din via\u021ba diploma\u021bilor Vechiului Regat (1881\u20131918): familie, carier\u0103, sociabilit\u0103\u021bi&#8221; \/][\/et_pb_accordion][\/et_pb_column][\/et_pb_row][\/et_pb_section]<\/p>\n","protected":false},"excerpt":{"rendered":"<p>[et_pb_section][et_pb_row][et_pb_column type=&#8221;4_4&#8243;][et_pb_accordion admin_label=&#8221;Acordeon&#8221; use_border_color=&#8221;off&#8221; border_color=&#8221;#ffffff&#8221; border_style=&#8221;solid&#8221;][et_pb_accordion_item title=&#8221;Adrian Vi\u021balaru: Politic\u0103 \u0219i diploma\u021bie. Ministerul Afacerilor Str\u0103ine al Rom\u00e2niei \u00een perioada 1938\u20131948&#8243; \/][et_pb_accordion_item title=&#8221;Adrian-Bogdan Ceobanu: Din via\u021ba diploma\u021bilor Vechiului Regat (1881\u20131918): familie, carier\u0103, sociabilit\u0103\u021bi&#8221; \/][\/et_pb_accordion][\/et_pb_column][\/et_pb_row][\/et_pb_section]<\/p>\n","protected":false},"author":1,"featured_media":0,"parent":0,"menu_order":2,"comment_status":"closed","ping_status":"closed","template":"","meta":[],"_links":{"self":[{"href":"http:\/\/ciri.uaic.ro\/en\/wp-json\/wp\/v2\/pages\/807"}],"collection":[{"href":"http:\/\/ciri.uaic.ro\/en\/wp-json\/wp\/v2\/pages"}],"about":[{"href":"http:\/\/ciri.uaic.ro\/en\/wp-json\/wp\/v2\/types\/page"}],"author":[{"embeddable":true,"href":"http:\/\/ciri.uaic.ro\/en\/wp-json\/wp\/v2\/users\/1"}],"replies":[{"embeddable":true,"href":"http:\/\/ciri.uaic.ro\/en\/wp-json\/wp\/v2\/comments?post=807"}],"version-history":[{"count":1,"href":"http:\/\/ciri.uaic.ro\/en\/wp-json\/wp\/v2\/pages\/807\/revisions"}],"predecessor-version":[{"id":808,"href":"http:\/\/ciri.uaic.ro\/en\/wp-json\/wp\/v2\/pages\/807\/revisions\/808"}],"wp:attachment":[{"href":"http:\/\/ciri.uaic.ro\/en\/wp-json\/wp\/v2\/media?parent=807"}],"curies":[{"name":"wp","href":"https:\/\/api.w.org\/{rel}","templated":true}]}}