{"id":777,"date":"2015-10-05T17:13:39","date_gmt":"2015-10-05T17:13:39","guid":{"rendered":"http:\/\/ciri.uaic.ro\/?page_id=777"},"modified":"2015-10-05T17:13:39","modified_gmt":"2015-10-05T17:13:39","slug":"presentation","status":"publish","type":"page","link":"http:\/\/ciri.uaic.ro\/en\/presentation\/","title":{"rendered":"Presentation"},"content":{"rendered":"<p>Bine a\u021bi venit la \u0219coala r\u0103spunsurilor privind marile \u00eentreb\u0103ri ale lumii! Sunt \u00eentreb\u0103ri ce au fost \u00eenc\u0103rcate la mai fiecare moment tensionat \u00een decursul epocilor istorice. Iar cele mai tensionate momente s-au succedat nu at\u00e2t \u00een via\u021ba intern\u0103 a statelor, c\u00e2t \u00een raporturile dintre acestea, p\u00e2n\u0103 la a atinge parametrii \u00eenfrunt\u0103rilor r\u0103zboinice. Din angrenajele r\u0103zboinice, ca \u0219i din st\u0103rile de pace impuse aproape \u00eentotdeauna de \u00eenving\u0103torii \u00eenvin\u0219ilor, au putut fi trase \u00eenv\u0103\u021b\u0103minte omene\u0219ti, dar au putu r\u0103m\u00e2ne \u0219i experien\u021be de ne\u00een\u021beles. Iar toate aceastea au venit p\u00e2n\u0103 \u00een timpurile noastre, suscit\u00e2nd, prin excelen\u021b\u0103, studii istorice.<\/p>\n<p>Centrul de Istorie a Rela\u021biilor Interna\u021bionale, cu deschideri spre teme de doctorat \u0219i specializare \u0219tiin\u021bific\u0103, se recomand\u0103 prin profesorii \u0219i studen\u021bii s\u0103i. Programul de master func\u021bioneaz\u0103 de c\u00e2\u021biva ani ca unul de real succes sub egida Facult\u0103\u021bii de Istorie a Universit\u0103\u021bii \u201eAlexandru Ioan Cuza\u201d din Ia\u0219i. Succesul este asigurat \u0219i de colabor\u0103rile cu alte centre de profil din \u021bar\u0103 \u0219i din str\u0103in\u0103tate, de recunoa\u0219terea prevalen\u021bei studiului istoric fa\u021b\u0103 de cel teoretic, politologic, \u00een privin\u021ba rela\u021biilor interna\u021bionale. Sunt motive temeinice s\u0103 credem c\u0103 studiul istoriei rela\u021biilor interna\u021bionale este unul de viitor, la \u00een\u0103l\u021bimea prestigiului mediului academic ie\u0219ean.<\/p>\n<div class=\"spacer30\"><\/div>\n<p><img loading=\"lazy\" class=\"aligncenter size-full wp-image-370\" src=\"http:\/\/ciri.uaic.ro\/wp-content\/uploads\/Logo-CIRI-_-v2.jpg\" alt=\"Logo-CIRI-_-v2\" width=\"850\" height=\"567\" srcset=\"http:\/\/ciri.uaic.ro\/wp-content\/uploads\/Logo-CIRI-_-v2.jpg 850w, http:\/\/ciri.uaic.ro\/wp-content\/uploads\/Logo-CIRI-_-v2-300x200.jpg 300w\" sizes=\"(max-width: 850px) 100vw, 850px\" \/><\/p>\n","protected":false},"excerpt":{"rendered":"<p>Bine a\u021bi venit la \u0219coala r\u0103spunsurilor privind marile \u00eentreb\u0103ri ale lumii! Sunt \u00eentreb\u0103ri ce au fost \u00eenc\u0103rcate la mai fiecare moment tensionat \u00een decursul epocilor istorice. Iar cele mai tensionate momente s-au succedat nu at\u00e2t \u00een via\u021ba intern\u0103 a statelor, c\u00e2t \u00een raporturile dintre acestea, p\u00e2n\u0103 la a atinge parametrii \u00eenfrunt\u0103rilor r\u0103zboinice. Din angrenajele r\u0103zboinice, [&hellip;]<\/p>\n","protected":false},"author":1,"featured_media":0,"parent":0,"menu_order":1,"comment_status":"closed","ping_status":"open","template":"","meta":[],"_links":{"self":[{"href":"http:\/\/ciri.uaic.ro\/en\/wp-json\/wp\/v2\/pages\/777"}],"collection":[{"href":"http:\/\/ciri.uaic.ro\/en\/wp-json\/wp\/v2\/pages"}],"about":[{"href":"http:\/\/ciri.uaic.ro\/en\/wp-json\/wp\/v2\/types\/page"}],"author":[{"embeddable":true,"href":"http:\/\/ciri.uaic.ro\/en\/wp-json\/wp\/v2\/users\/1"}],"replies":[{"embeddable":true,"href":"http:\/\/ciri.uaic.ro\/en\/wp-json\/wp\/v2\/comments?post=777"}],"version-history":[{"count":1,"href":"http:\/\/ciri.uaic.ro\/en\/wp-json\/wp\/v2\/pages\/777\/revisions"}],"predecessor-version":[{"id":778,"href":"http:\/\/ciri.uaic.ro\/en\/wp-json\/wp\/v2\/pages\/777\/revisions\/778"}],"wp:attachment":[{"href":"http:\/\/ciri.uaic.ro\/en\/wp-json\/wp\/v2\/media?parent=777"}],"curies":[{"name":"wp","href":"https:\/\/api.w.org\/{rel}","templated":true}]}}